{"id":324,"date":"1984-05-27T16:14:00","date_gmt":"1984-05-27T14:14:00","guid":{"rendered":"http:\/\/ardiphotographies.fr\/?page_id=324"},"modified":"2026-03-19T17:21:44","modified_gmt":"2026-03-19T16:21:44","slug":"adherents","status":"publish","type":"page","link":"https:\/\/ardiphotographies.fr\/?page_id=324","title":{"rendered":"Adh\u00e9sion"},"content":{"rendered":"\n<p class=\"has-drop-cap\">Vous pouvez devenir membre de l&rsquo;Ardi en nous retournant <a href=\"https:\/\/ardiphotographies.fr\/wp-content\/uploads\/2026\/03\/carte-adherent_2026-1.pdf\" target=\"_blank\" rel=\"noreferrer noopener\">le bulletin d&rsquo;adh\u00e9sion<\/a> compl\u00e9t\u00e9, par la poste ou par mail. <\/p>\n\n\n\n<p>L&rsquo;adh\u00e9sion vous permet de : <\/p>\n\n\n\n<ul><li><span style=\"font-size: 1rem;\"> soutenir nos projets et nos activit\u00e9s<\/span><\/li><li>d&rsquo;\u00eatre invit\u00e9 \u00e0 partager les moments privil\u00e9gi\u00e9s de l&rsquo;association : vernissages, visites comment\u00e9es, rencontres d&rsquo;artistes, conf\u00e9rences, ateliers etc&#8230;<\/li><li>d&#8217;emprunter des livres de la biblioth\u00e8que de l&rsquo;Ardi (plus de 1 000 r\u00e9f\u00e9rences) <\/li><li>de vous investir dans l&rsquo;association <\/li><\/ul>\n\n\n\n<p>L&rsquo;activit\u00e9  de l&rsquo;Association est pr\u00e9sent\u00e9e et valid\u00e9e lors de l&rsquo;Assembl\u00e9e g\u00e9n\u00e9rale annuelle qui r\u00e9unit les membres \u00e0 jour de leur cotisations et \u00e9lit le Conseil d&rsquo;administration.<\/p>\n","protected":false},"excerpt":{"rendered":"<p>Vous pouvez devenir membre de l&rsquo;Ardi en nous retournant le bulletin d&rsquo;adh\u00e9sion compl\u00e9t\u00e9, par la poste ou par mail. L&rsquo;adh\u00e9sion vous permet de : soutenir nos projets et nos activit\u00e9s d&rsquo;\u00eatre invit\u00e9 \u00e0 partager les moments privil\u00e9gi\u00e9s de l&rsquo;association : vernissages, visites comment\u00e9es, rencontres d&rsquo;artistes, conf\u00e9rences, ateliers etc&#8230; d&#8217;emprunter des livres de la biblioth\u00e8que de &hellip; <\/p>\n<p class=\"link-more\"><a href=\"https:\/\/ardiphotographies.fr\/?page_id=324\" class=\"more-link\">Continuer la lecture<span class=\"screen-reader-text\"> de &laquo;&nbsp;Adh\u00e9sion&nbsp;&raquo;<\/span><\/a><\/p>\n","protected":false},"author":1,"featured_media":0,"parent":0,"menu_order":0,"comment_status":"closed","ping_status":"closed","template":"","meta":[],"_links":{"self":[{"href":"https:\/\/ardiphotographies.fr\/index.php?rest_route=\/wp\/v2\/pages\/324"}],"collection":[{"href":"https:\/\/ardiphotographies.fr\/index.php?rest_route=\/wp\/v2\/pages"}],"about":[{"href":"https:\/\/ardiphotographies.fr\/index.php?rest_route=\/wp\/v2\/types\/page"}],"author":[{"embeddable":true,"href":"https:\/\/ardiphotographies.fr\/index.php?rest_route=\/wp\/v2\/users\/1"}],"replies":[{"embeddable":true,"href":"https:\/\/ardiphotographies.fr\/index.php?rest_route=%2Fwp%2Fv2%2Fcomments&post=324"}],"version-history":[{"count":17,"href":"https:\/\/ardiphotographies.fr\/index.php?rest_route=\/wp\/v2\/pages\/324\/revisions"}],"predecessor-version":[{"id":1670,"href":"https:\/\/ardiphotographies.fr\/index.php?rest_route=\/wp\/v2\/pages\/324\/revisions\/1670"}],"wp:attachment":[{"href":"https:\/\/ardiphotographies.fr\/index.php?rest_route=%2Fwp%2Fv2%2Fmedia&parent=324"}],"curies":[{"name":"wp","href":"https:\/\/api.w.org\/{rel}","templated":true}]}}