{"id":185,"date":"2020-03-26T13:05:16","date_gmt":"2020-03-26T12:05:16","guid":{"rendered":"http:\/\/ardiphotographies.fr\/?page_id=185"},"modified":"2025-09-16T15:03:01","modified_gmt":"2025-09-16T13:03:01","slug":"partenaires-2","status":"publish","type":"page","link":"https:\/\/ardiphotographies.fr\/?page_id=185","title":{"rendered":"\u00c9quipe"},"content":{"rendered":"\n<p>C\u00e9line Ernaelsteen, charg\u00e9e de coordination et de projets<br>Carole Geldof, documentaliste<\/p>\n\n\n\n<p>Gilles Boussard, pr\u00e9sident<br>Catherine Blondel, tr\u00e9sori\u00e8re<br>Marc Damville et Maylis Sangar\u00e9, secr\u00e9taires<br><\/p>\n","protected":false},"excerpt":{"rendered":"<p>C\u00e9line Ernaelsteen, charg\u00e9e de coordination et de projetsCarole Geldof, documentaliste Gilles Boussard, pr\u00e9sidentCatherine Blondel, tr\u00e9sori\u00e8reMarc Damville et Maylis Sangar\u00e9, secr\u00e9taires<\/p>\n","protected":false},"author":1,"featured_media":0,"parent":0,"menu_order":0,"comment_status":"closed","ping_status":"closed","template":"","meta":[],"_links":{"self":[{"href":"https:\/\/ardiphotographies.fr\/index.php?rest_route=\/wp\/v2\/pages\/185"}],"collection":[{"href":"https:\/\/ardiphotographies.fr\/index.php?rest_route=\/wp\/v2\/pages"}],"about":[{"href":"https:\/\/ardiphotographies.fr\/index.php?rest_route=\/wp\/v2\/types\/page"}],"author":[{"embeddable":true,"href":"https:\/\/ardiphotographies.fr\/index.php?rest_route=\/wp\/v2\/users\/1"}],"replies":[{"embeddable":true,"href":"https:\/\/ardiphotographies.fr\/index.php?rest_route=%2Fwp%2Fv2%2Fcomments&post=185"}],"version-history":[{"count":10,"href":"https:\/\/ardiphotographies.fr\/index.php?rest_route=\/wp\/v2\/pages\/185\/revisions"}],"predecessor-version":[{"id":1660,"href":"https:\/\/ardiphotographies.fr\/index.php?rest_route=\/wp\/v2\/pages\/185\/revisions\/1660"}],"wp:attachment":[{"href":"https:\/\/ardiphotographies.fr\/index.php?rest_route=%2Fwp%2Fv2%2Fmedia&parent=185"}],"curies":[{"name":"wp","href":"https:\/\/api.w.org\/{rel}","templated":true}]}}