{"id":169,"date":"2020-03-26T12:41:52","date_gmt":"2020-03-26T11:41:52","guid":{"rendered":"http:\/\/ardiphotographies.fr\/?page_id=169"},"modified":"2020-04-07T16:59:03","modified_gmt":"2020-04-07T14:59:03","slug":"partenaires","status":"publish","type":"page","link":"https:\/\/ardiphotographies.fr\/?page_id=169","title":{"rendered":"Partenaires"},"content":{"rendered":"\n<p>Financiers<br><a href=\"https:\/\/caen.fr\">Ville de Caen<\/a><br><a href=\"https:\/\/www.normandie.fr\">R\u00e9gion Normandie<\/a><br><a href=\"https:\/\/www.culture.gouv.fr\/Regions\/Drac-Normandie\">Drac de Normandie &#8211; minist\u00e8re de la Culture<\/a><br><a href=\"https:\/\/www.calvados.fr\/accueil.html\">D\u00e9partement du Calvados<\/a><\/p>\n\n\n\n<p>Culturels<br><a href=\"http:\/\/musee-de-normandie.caen.fr\">Mus\u00e9e de Normandie<\/a><br><a href=\"https:\/\/mba.caen.fr\">Mus\u00e9e des Beaux-Arts de Caen<\/a> <br><a href=\"https:\/\/www.musees-normandie.fr\">R\u00e9seau des mus\u00e9es de Normandie<\/a><br><\/p>\n","protected":false},"excerpt":{"rendered":"<p>FinanciersVille de CaenR\u00e9gion NormandieDrac de Normandie &#8211; minist\u00e8re de la CultureD\u00e9partement du Calvados CulturelsMus\u00e9e de NormandieMus\u00e9e des Beaux-Arts de Caen R\u00e9seau des mus\u00e9es de Normandie<\/p>\n","protected":false},"author":1,"featured_media":0,"parent":0,"menu_order":0,"comment_status":"closed","ping_status":"closed","template":"","meta":[],"_links":{"self":[{"href":"https:\/\/ardiphotographies.fr\/index.php?rest_route=\/wp\/v2\/pages\/169"}],"collection":[{"href":"https:\/\/ardiphotographies.fr\/index.php?rest_route=\/wp\/v2\/pages"}],"about":[{"href":"https:\/\/ardiphotographies.fr\/index.php?rest_route=\/wp\/v2\/types\/page"}],"author":[{"embeddable":true,"href":"https:\/\/ardiphotographies.fr\/index.php?rest_route=\/wp\/v2\/users\/1"}],"replies":[{"embeddable":true,"href":"https:\/\/ardiphotographies.fr\/index.php?rest_route=%2Fwp%2Fv2%2Fcomments&post=169"}],"version-history":[{"count":10,"href":"https:\/\/ardiphotographies.fr\/index.php?rest_route=\/wp\/v2\/pages\/169\/revisions"}],"predecessor-version":[{"id":685,"href":"https:\/\/ardiphotographies.fr\/index.php?rest_route=\/wp\/v2\/pages\/169\/revisions\/685"}],"wp:attachment":[{"href":"https:\/\/ardiphotographies.fr\/index.php?rest_route=%2Fwp%2Fv2%2Fmedia&parent=169"}],"curies":[{"name":"wp","href":"https:\/\/api.w.org\/{rel}","templated":true}]}}